{"id":10,"date":"2025-09-11T22:14:18","date_gmt":"2025-09-11T22:14:18","guid":{"rendered":"https:\/\/yes.dk\/?page_id=10"},"modified":"2025-09-11T22:18:44","modified_gmt":"2025-09-11T22:18:44","slug":"forside","status":"publish","type":"page","link":"https:\/\/yes.dk\/","title":{"rendered":"Forside"},"content":{"rendered":"<div class=\"aligncenter wp-block-site-logo\"><img loading=\"lazy\" decoding=\"async\" width=\"300\" height=\"67\" src=\"https:\/\/yes.dk\/wp-content\/uploads\/2025\/09\/Yesdk_logo.png\" class=\"custom-logo\" alt=\"Yes.dk\" \/><\/div>\n\n\n<div class=\"wp-block-group alignfull has-global-padding is-layout-constrained wp-block-group-is-layout-constrained\" style=\"margin-top:0;margin-bottom:0;padding-top:var(--wp--preset--spacing--50);padding-bottom:var(--wp--preset--spacing--50)\">\n<div class=\"wp-block-columns alignwide is-layout-flex wp-container-core-columns-is-layout-fa584acd wp-block-columns-is-layout-flex\">\n<div class=\"wp-block-column is-vertically-aligned-center is-layout-flow wp-block-column-is-layout-flow\">\n<h2 class=\"wp-block-heading has-xx-large-font-size\"><strong>Yes \u2013 Sig ja til bedre priser<\/strong><\/h2>\n\n\n\n<p class=\"has-medium-font-size\">Yes bliver en platform, der lader forbrugere sige ja til personlige og eksklusive rabatkoder, skr\u00e6ddersyet efter deres pr\u00e6ferencer. <\/p>\n\n\n\n<p class=\"has-medium-font-size\">I en tid med stigende priser, dyrere annoncering og \u00f8get st\u00f8j i markedet, vil Yes fungere som en matchmaker mellem virksomheder og kunder, hvor kontakten bliver formidlet gennem en attraktiv rabatkode.<\/p>\n\n\n\n<p class=\"has-medium-font-size\">Forbrugerne vil f\u00e5 adgang til tilbud, som ikke findes andre steder, og virksomheder vil kunne n\u00e5 pr\u00e6cist de personer, der allerede har sagt &#8220;ja tak&#8221; til netop deres type produkt \u2013 uden at betale for irrelevante klik og dyre annoncer.<\/p>\n\n\n\n<p class=\"has-medium-font-size\">Konceptet bygger p\u00e5 et enkelt princip: Hvis du er \u00e5ben for et godt tilbud \u2013 s\u00e5 sig Yes.<\/p>\n\n\n\n<p class=\"has-medium-font-size\">Yes er under udvikling og vil blive lanceret som et nyt v\u00e6rkt\u00f8j for b\u00e5de prisbevidste forbrugere og resultatorienterede brands.<\/p>\n<\/div>\n\n\n\n<div class=\"wp-block-column is-vertically-aligned-center is-layout-flow wp-block-column-is-layout-flow\">\n<figure class=\"wp-block-image size-full\"><img loading=\"lazy\" decoding=\"async\" width=\"928\" height=\"1232\" src=\"https:\/\/yes.dk\/wp-content\/uploads\/2025\/09\/Coming_soon.png\" alt=\"\" class=\"wp-image-15\" style=\"aspect-ratio:1;object-fit:cover\" srcset=\"https:\/\/yes.dk\/wp-content\/uploads\/2025\/09\/Coming_soon.png 928w, https:\/\/yes.dk\/wp-content\/uploads\/2025\/09\/Coming_soon-226x300.png 226w, https:\/\/yes.dk\/wp-content\/uploads\/2025\/09\/Coming_soon-771x1024.png 771w, https:\/\/yes.dk\/wp-content\/uploads\/2025\/09\/Coming_soon-768x1020.png 768w\" sizes=\"auto, (max-width: 928px) 100vw, 928px\" \/><\/figure>\n<\/div>\n<\/div>\n<\/div>\n\n\n\n<div class=\"wp-block-group alignfull has-global-padding is-layout-constrained wp-block-group-is-layout-constrained\" style=\"margin-top:0;margin-bottom:0\">\n<div class=\"wp-block-group alignwide is-layout-flow wp-container-core-group-is-layout-d58a0413 wp-block-group-is-layout-flow\" style=\"padding-top:var(--wp--preset--spacing--50);padding-bottom:var(--wp--preset--spacing--50)\">\n<h2 class=\"wp-block-heading has-x-large-font-size\">Sp\u00f8rgsm\u00e5l?<\/h2>\n\n\n\n<div class=\"wp-block-columns is-layout-flex wp-container-core-columns-is-layout-cbe57604 wp-block-columns-is-layout-flex\">\n<div class=\"wp-block-column is-layout-flow wp-block-column-is-layout-flow\">\n<div class=\"wp-block-group is-layout-flow wp-block-group-is-layout-flow\" style=\"border-top-color:var(--wp--preset--color--accent-6);border-top-width:1px;padding-top:var(--wp--preset--spacing--30);padding-bottom:var(--wp--preset--spacing--30)\">\n<p>S\u00e5 udfyld kontaktformularen her: <\/p>\n\n\n\n<p><\/p>\n<\/div>\n<\/div>\n\n\n\n<div class=\"wp-block-column is-layout-flow wp-block-column-is-layout-flow\">\n<div class=\"wp-block-group is-layout-flow wp-block-group-is-layout-flow\" style=\"border-top-color:var(--wp--preset--color--accent-6);border-top-width:1px;padding-top:var(--wp--preset--spacing--30);padding-bottom:var(--wp--preset--spacing--30)\">\n<div class=\"wpcf7 no-js\" id=\"wpcf7-f6-o1\" lang=\"da-DK\" dir=\"ltr\" data-wpcf7-id=\"6\">\n<div class=\"screen-reader-response\"><p role=\"status\" aria-live=\"polite\" aria-atomic=\"true\"><\/p> <ul><\/ul><\/div>\n<form action=\"\/index.php\/wp-json\/wp\/v2\/pages\/10#wpcf7-f6-o1\" method=\"post\" class=\"wpcf7-form init\" aria-label=\"Kontaktformular\" novalidate=\"novalidate\" data-status=\"init\">\n<fieldset class=\"hidden-fields-container\"><input type=\"hidden\" name=\"_wpcf7\" value=\"6\" \/><input type=\"hidden\" name=\"_wpcf7_version\" value=\"6.1.1\" \/><input type=\"hidden\" name=\"_wpcf7_locale\" value=\"da_DK\" \/><input type=\"hidden\" name=\"_wpcf7_unit_tag\" value=\"wpcf7-f6-o1\" \/><input type=\"hidden\" name=\"_wpcf7_container_post\" value=\"0\" \/><input type=\"hidden\" name=\"_wpcf7_posted_data_hash\" value=\"\" \/>\n<\/fieldset>\n<p><label> Dit navn<br \/>\n<span class=\"wpcf7-form-control-wrap\" data-name=\"your-name\"><input size=\"40\" maxlength=\"400\" class=\"wpcf7-form-control wpcf7-text wpcf7-validates-as-required\" autocomplete=\"name\" aria-required=\"true\" aria-invalid=\"false\" value=\"\" type=\"text\" name=\"your-name\" \/><\/span> <\/label>\n<\/p>\n<p><label> Din e-mail<br \/>\n<span class=\"wpcf7-form-control-wrap\" data-name=\"your-email\"><input size=\"40\" maxlength=\"400\" class=\"wpcf7-form-control wpcf7-email wpcf7-validates-as-required wpcf7-text wpcf7-validates-as-email\" autocomplete=\"email\" aria-required=\"true\" aria-invalid=\"false\" value=\"\" type=\"email\" name=\"your-email\" \/><\/span> <\/label>\n<\/p>\n<p><label> Emne<br \/>\n<span class=\"wpcf7-form-control-wrap\" data-name=\"your-subject\"><input size=\"40\" maxlength=\"400\" class=\"wpcf7-form-control wpcf7-text wpcf7-validates-as-required\" aria-required=\"true\" aria-invalid=\"false\" value=\"\" type=\"text\" name=\"your-subject\" \/><\/span> <\/label>\n<\/p>\n<p><label> Din besked (valgfri)<br \/>\n<span class=\"wpcf7-form-control-wrap\" data-name=\"your-message\"><textarea cols=\"40\" rows=\"10\" maxlength=\"2000\" class=\"wpcf7-form-control wpcf7-textarea\" aria-invalid=\"false\" name=\"your-message\"><\/textarea><\/span> <\/label>\n<\/p>\n<p><input class=\"wpcf7-form-control wpcf7-submit has-spinner\" type=\"submit\" value=\"Send\" \/>\n<\/p><div class=\"wpcf7-response-output\" aria-hidden=\"true\"><\/div>\n<\/form>\n<\/div>\n\n<\/div>\n<\/div>\n<\/div>\n<\/div>\n\n\n\n<p class=\"has-text-align-center\">\u00a9 Yes.dk 2025<\/p>\n<\/div>\n","protected":false},"excerpt":{"rendered":"<p>Yes \u2013 Sig ja til bedre priser Yes bliver en platform, der lader forbrugere sige ja til personlige og eksklusive rabatkoder, skr\u00e6ddersyet efter deres pr\u00e6ferencer. I en tid med stigende priser, dyrere annoncering og \u00f8get st\u00f8j i markedet, vil Yes fungere som en matchmaker mellem virksomheder og kunder, hvor kontakten bliver formidlet gennem en attraktiv [&hellip;]<\/p>\n","protected":false},"author":1,"featured_media":0,"parent":0,"menu_order":0,"comment_status":"closed","ping_status":"closed","template":"","meta":{"footnotes":""},"class_list":["post-10","page","type-page","status-publish","hentry"],"_links":{"self":[{"href":"https:\/\/yes.dk\/index.php\/wp-json\/wp\/v2\/pages\/10","targetHints":{"allow":["GET"]}}],"collection":[{"href":"https:\/\/yes.dk\/index.php\/wp-json\/wp\/v2\/pages"}],"about":[{"href":"https:\/\/yes.dk\/index.php\/wp-json\/wp\/v2\/types\/page"}],"author":[{"embeddable":true,"href":"https:\/\/yes.dk\/index.php\/wp-json\/wp\/v2\/users\/1"}],"replies":[{"embeddable":true,"href":"https:\/\/yes.dk\/index.php\/wp-json\/wp\/v2\/comments?post=10"}],"version-history":[{"count":3,"href":"https:\/\/yes.dk\/index.php\/wp-json\/wp\/v2\/pages\/10\/revisions"}],"predecessor-version":[{"id":16,"href":"https:\/\/yes.dk\/index.php\/wp-json\/wp\/v2\/pages\/10\/revisions\/16"}],"wp:attachment":[{"href":"https:\/\/yes.dk\/index.php\/wp-json\/wp\/v2\/media?parent=10"}],"curies":[{"name":"wp","href":"https:\/\/api.w.org\/{rel}","templated":true}]}}